{"id":304,"date":"2023-03-11T21:48:19","date_gmt":"2023-03-11T16:18:19","guid":{"rendered":"https:\/\/kartgeninfotech.in\/wadivo\/?page_id=304"},"modified":"2023-07-10T07:01:39","modified_gmt":"2023-07-10T06:01:39","slug":"terms-condition","status":"publish","type":"page","link":"https:\/\/wadivo.com\/cameroon\/terms-condition\/","title":{"rendered":"Terms &#038; Condition"},"content":{"rendered":"\t\t<div data-elementor-type=\"wp-page\" data-elementor-id=\"304\" class=\"elementor elementor-304\" data-elementor-post-type=\"page\">\n\t\t\t\t\t\t<section class=\"elementor-section elementor-top-section elementor-element elementor-element-f2ca27b elementor-section-height-min-height elementor-section-boxed elementor-section-height-default elementor-section-items-middle\" data-id=\"f2ca27b\" data-element_type=\"section\" data-settings=\"{&quot;background_background&quot;:&quot;classic&quot;}\">\n\t\t\t\t\t\t<div class=\"elementor-container elementor-column-gap-default\">\n\t\t\t\t\t<div class=\"elementor-column elementor-col-100 elementor-top-column elementor-element elementor-element-eb073b8\" data-id=\"eb073b8\" data-element_type=\"column\">\n\t\t\t<div class=\"elementor-widget-wrap elementor-element-populated\">\n\t\t\t\t\t\t<div class=\"elementor-element elementor-element-65a4aaf elementor-widget elementor-widget-heading\" data-id=\"65a4aaf\" data-element_type=\"widget\" data-widget_type=\"heading.default\">\n\t\t\t\t<div class=\"elementor-widget-container\">\n\t\t\t<style>\/*! elementor - v3.23.0 - 05-08-2024 *\/\n.elementor-heading-title{padding:0;margin:0;line-height:1}.elementor-widget-heading .elementor-heading-title[class*=elementor-size-]>a{color:inherit;font-size:inherit;line-height:inherit}.elementor-widget-heading .elementor-heading-title.elementor-size-small{font-size:15px}.elementor-widget-heading .elementor-heading-title.elementor-size-medium{font-size:19px}.elementor-widget-heading .elementor-heading-title.elementor-size-large{font-size:29px}.elementor-widget-heading .elementor-heading-title.elementor-size-xl{font-size:39px}.elementor-widget-heading .elementor-heading-title.elementor-size-xxl{font-size:59px}<\/style><h2 class=\"elementor-heading-title elementor-size-default\">Terms and Conditions<\/h2>\t\t<\/div>\n\t\t\t\t<\/div>\n\t\t\t\t<div class=\"elementor-element elementor-element-aef421d elementor-widget elementor-widget-text-editor\" data-id=\"aef421d\" data-element_type=\"widget\" data-widget_type=\"text-editor.default\">\n\t\t\t\t<div class=\"elementor-widget-container\">\n\t\t\t<style>\/*! elementor - v3.23.0 - 05-08-2024 *\/\n.elementor-widget-text-editor.elementor-drop-cap-view-stacked .elementor-drop-cap{background-color:#69727d;color:#fff}.elementor-widget-text-editor.elementor-drop-cap-view-framed .elementor-drop-cap{color:#69727d;border:3px solid;background-color:transparent}.elementor-widget-text-editor:not(.elementor-drop-cap-view-default) .elementor-drop-cap{margin-top:8px}.elementor-widget-text-editor:not(.elementor-drop-cap-view-default) .elementor-drop-cap-letter{width:1em;height:1em}.elementor-widget-text-editor .elementor-drop-cap{float:left;text-align:center;line-height:1;font-size:50px}.elementor-widget-text-editor .elementor-drop-cap-letter{display:inline-block}<\/style>\t\t\t\t<p>This website is published by Wadivo, a SARL with a capital of 1 million CFA, registered at [RC\/DLA\/number]<br \/>Headquarters: P.O. BOX 5424, Douala, CAMEROON<\/p><p>Managing Director: Moyo KAMGAING<\/p>\t\t\t\t\t\t<\/div>\n\t\t\t\t<\/div>\n\t\t\t\t<div class=\"elementor-element elementor-element-8901ac4 elementor-widget elementor-widget-heading\" data-id=\"8901ac4\" data-element_type=\"widget\" data-widget_type=\"heading.default\">\n\t\t\t\t<div class=\"elementor-widget-container\">\n\t\t\t<h2 class=\"elementor-heading-title elementor-size-default\">Contacts<\/h2>\t\t<\/div>\n\t\t\t\t<\/div>\n\t\t\t\t<div class=\"elementor-element elementor-element-27241e9 elementor-widget elementor-widget-text-editor\" data-id=\"27241e9\" data-element_type=\"widget\" data-widget_type=\"text-editor.default\">\n\t\t\t\t<div class=\"elementor-widget-container\">\n\t\t\t\t\t\t\t<p>(+237) [number]<br \/><a href=\"mailto:info@wadivo.com\">info@wadivo.com<\/a><\/p><p>This website is hosted by Wadivo and abides by the Cameroonian Law.<\/p>\t\t\t\t\t\t<\/div>\n\t\t\t\t<\/div>\n\t\t\t\t<div class=\"elementor-element elementor-element-e146342 elementor-widget elementor-widget-heading\" data-id=\"e146342\" data-element_type=\"widget\" data-widget_type=\"heading.default\">\n\t\t\t\t<div class=\"elementor-widget-container\">\n\t\t\t<h2 class=\"elementor-heading-title elementor-size-default\">1. Website Content<\/h2>\t\t<\/div>\n\t\t\t\t<\/div>\n\t\t\t\t<div class=\"elementor-element elementor-element-e386622 elementor-widget elementor-widget-text-editor\" data-id=\"e386622\" data-element_type=\"widget\" data-widget_type=\"text-editor.default\">\n\t\t\t\t<div class=\"elementor-widget-container\">\n\t\t\t\t\t\t\t<p>Wadivo and its contributors make sure to insure the exactness and the update of the information published on this website, for which it maintains the right, to correct the content anytime, with no further notice.<br \/><br \/>However, they cannot guarantee its exhaustivity or the absence of changes by a third party (intrusion, virus). Moreover, Wadivo and its contributors reject all responsibility (direct or indirect) in case of delay, error or miss on the content of the following pages, or on the use which can be done of it by anyone, along with any interruption or non- availability of the service. Therefore, the liability of Wadivo and it contributors cannot be proven in case of indirect damages, such as (without this list being complete), the losses occurred from the transactions done based on the information, profit loss, service loss, losses linked to an interruption of the service, increase in the cost of access or treatment of the information. Moreover, Wadivo and its contributors are not liable of elements out of their control and the damages which could affect your technical environment, namely your computers, software, network equipment (modem, phones, etc.) and any equipment used to access or use the service and\/or the information. Lastly, Wadivo and its contributors don\u2019t guarantee and will not be in any way liable of the sequence, the exactness, the absence of errors, the truth, the present character, the loyal and merchant quality, the quality, the appropriateness, the non-distorted character and the availability of the information present on this site. You engage to a personal and non-commercial usage of the information on this website.<\/p>\t\t\t\t\t\t<\/div>\n\t\t\t\t<\/div>\n\t\t\t\t<div class=\"elementor-element elementor-element-54489d1 elementor-widget elementor-widget-heading\" data-id=\"54489d1\" data-element_type=\"widget\" data-widget_type=\"heading.default\">\n\t\t\t\t<div class=\"elementor-widget-container\">\n\t\t\t<h2 class=\"elementor-heading-title elementor-size-default\">2. Intellectual Property<\/h2>\t\t<\/div>\n\t\t\t\t<\/div>\n\t\t\t\t<div class=\"elementor-element elementor-element-e9ce401 elementor-widget elementor-widget-text-editor\" data-id=\"e9ce401\" data-element_type=\"widget\" data-widget_type=\"text-editor.default\">\n\t\t\t\t<div class=\"elementor-widget-container\">\n\t\t\t\t\t\t\t<p>This website is under Cameroonian law on copyright, trademarks and generally intellectual property, being it on the form (choice, map, content tables, data access means, data organisation, etc.), or all the content elements (texts, images, etc.). This content, available on the websites pages, are the exclusive property of the Soci\u00e9t\u00e9 G\u00e9n\u00e9rale Group and its contributors. You hereby engage not to use this content and not allowing anyone to use it for illegal purposes. Per exception, some contents (texts, images) are the property of their respective authors.<\/p><p>No reproduction, representation, broadcast or re-broadcast of any part or content of this website is allowed on any material being or by any process (namely caching or framing). Moreover, no sale, resale, re-broadcast or provision to third parties in any form, is allowed. The non-respect of this prohibition constitutes an act of counterfeit which can engage the civil and penal liability for its author.<\/p>\t\t\t\t\t\t<\/div>\n\t\t\t\t<\/div>\n\t\t\t\t<div class=\"elementor-element elementor-element-090a648 elementor-widget elementor-widget-heading\" data-id=\"090a648\" data-element_type=\"widget\" data-widget_type=\"heading.default\">\n\t\t\t\t<div class=\"elementor-widget-container\">\n\t\t\t<h2 class=\"elementor-heading-title elementor-size-default\">3. Hyperlinks<\/h2>\t\t<\/div>\n\t\t\t\t<\/div>\n\t\t\t\t<div class=\"elementor-element elementor-element-d7da6ea elementor-widget elementor-widget-text-editor\" data-id=\"d7da6ea\" data-element_type=\"widget\" data-widget_type=\"text-editor.default\">\n\t\t\t\t<div class=\"elementor-widget-container\">\n\t\t\t\t\t\t\t<p>Wadivo is not responsible for the content of any externally linked website or page. Wadivo is not responsible for hyperlinks leading to this website and banns to anybody the right to establish those hyperlinks without its express and prior authorization.<\/p>\t\t\t\t\t\t<\/div>\n\t\t\t\t<\/div>\n\t\t\t\t<div class=\"elementor-element elementor-element-81cc2f9 elementor-widget elementor-widget-heading\" data-id=\"81cc2f9\" data-element_type=\"widget\" data-widget_type=\"heading.default\">\n\t\t\t\t<div class=\"elementor-widget-container\">\n\t\t\t<h2 class=\"elementor-heading-title elementor-size-default\">4. Personal Data Collected<\/h2>\t\t<\/div>\n\t\t\t\t<\/div>\n\t\t\t\t<div class=\"elementor-element elementor-element-707dc87 elementor-widget elementor-widget-text-editor\" data-id=\"707dc87\" data-element_type=\"widget\" data-widget_type=\"text-editor.default\">\n\t\t\t\t<div class=\"elementor-widget-container\">\n\t\t\t\t\t\t\t<p>To give the best response to your needs and when you access this website, Wadivo can directly collect personal data or indirectly nominative (IP address), if need be through forms. This data is recorded in our systems. Some of information collected is mandatory: they are mentioned in bold or through any equivalent process.<\/p>\t\t\t\t\t\t<\/div>\n\t\t\t\t<\/div>\n\t\t\t\t<div class=\"elementor-element elementor-element-9a07edd elementor-widget elementor-widget-heading\" data-id=\"9a07edd\" data-element_type=\"widget\" data-widget_type=\"heading.default\">\n\t\t\t\t<div class=\"elementor-widget-container\">\n\t\t\t<h2 class=\"elementor-heading-title elementor-size-default\">5. Usage<\/h2>\t\t<\/div>\n\t\t\t\t<\/div>\n\t\t\t\t<div class=\"elementor-element elementor-element-ceceb7b elementor-widget elementor-widget-text-editor\" data-id=\"ceceb7b\" data-element_type=\"widget\" data-widget_type=\"text-editor.default\">\n\t\t\t\t<div class=\"elementor-widget-container\">\n\t\t\t\t\t\t\t<p>The collected data are principally used for the management of the relationship with Wadivo. They can also be used to keep you posted of any events, actions or published news which can be of interest to you. Indirectly nominative data used for statistic purpose can also be collected to manage your connection or your browsing (Cf. Cookies policy)<\/p>\t\t\t\t\t\t<\/div>\n\t\t\t\t<\/div>\n\t\t\t\t<div class=\"elementor-element elementor-element-a054ad2 elementor-widget elementor-widget-heading\" data-id=\"a054ad2\" data-element_type=\"widget\" data-widget_type=\"heading.default\">\n\t\t\t\t<div class=\"elementor-widget-container\">\n\t\t\t<h2 class=\"elementor-heading-title elementor-size-default\">6. Communication to third parties<\/h2>\t\t<\/div>\n\t\t\t\t<\/div>\n\t\t\t\t<div class=\"elementor-element elementor-element-0dcf17f elementor-widget elementor-widget-text-editor\" data-id=\"0dcf17f\" data-element_type=\"widget\" data-widget_type=\"text-editor.default\">\n\t\t\t\t<div class=\"elementor-widget-container\">\n\t\t\t\t\t\t\t<p>The collected data can be, with express approval, communicated for the above-mentioned aims, to affiliated companies, to our partners, insurance brokers and insurers, as well as all its contractors and service providers within the limits necessary to carry out their tasks. They may contact you directly thanks to the information which you gave us.<\/p>\t\t\t\t\t\t<\/div>\n\t\t\t\t<\/div>\n\t\t\t\t<div class=\"elementor-element elementor-element-e9b370c elementor-widget elementor-widget-heading\" data-id=\"e9b370c\" data-element_type=\"widget\" data-widget_type=\"heading.default\">\n\t\t\t\t<div class=\"elementor-widget-container\">\n\t\t\t<h2 class=\"elementor-heading-title elementor-size-default\">7. Transactions Security<\/h2>\t\t<\/div>\n\t\t\t\t<\/div>\n\t\t\t\t<div class=\"elementor-element elementor-element-bb70db6 elementor-widget elementor-widget-text-editor\" data-id=\"bb70db6\" data-element_type=\"widget\" data-widget_type=\"text-editor.default\">\n\t\t\t\t<div class=\"elementor-widget-container\">\n\t\t\t\t\t\t\t<p>Wadivo takes the physical, technical and structure appropriate measures to maintain the security and the confidentiality of the personal data, namely to protect them from loss, accidental destruction, deterioration and non-authorized access.<\/p>\t\t\t\t\t\t<\/div>\n\t\t\t\t<\/div>\n\t\t\t\t<div class=\"elementor-element elementor-element-af34322 elementor-widget elementor-widget-heading\" data-id=\"af34322\" data-element_type=\"widget\" data-widget_type=\"heading.default\">\n\t\t\t\t<div class=\"elementor-widget-container\">\n\t\t\t<h2 class=\"elementor-heading-title elementor-size-default\">8. Cookie Policy<\/h2>\t\t<\/div>\n\t\t\t\t<\/div>\n\t\t\t\t<div class=\"elementor-element elementor-element-813c081 elementor-widget elementor-widget-text-editor\" data-id=\"813c081\" data-element_type=\"widget\" data-widget_type=\"text-editor.default\">\n\t\t\t\t<div class=\"elementor-widget-container\">\n\t\t\t\t\t\t\t<p>To safeguard your privacy, this website uses cookies. Cookies are small text files that are sent to and stored on your computer. They are useful to identify you, each time you access a different page on the website.\u00a0If you don\u2019t wish to allow cookies, you need to amend your preferences in your browser.<\/p>\t\t\t\t\t\t<\/div>\n\t\t\t\t<\/div>\n\t\t\t\t<div class=\"elementor-element elementor-element-bc936cd elementor-widget elementor-widget-heading\" data-id=\"bc936cd\" data-element_type=\"widget\" data-widget_type=\"heading.default\">\n\t\t\t\t<div class=\"elementor-widget-container\">\n\t\t\t<h2 class=\"elementor-heading-title elementor-size-default\">9. Security<\/h2>\t\t<\/div>\n\t\t\t\t<\/div>\n\t\t\t\t<div class=\"elementor-element elementor-element-61d4616 elementor-widget elementor-widget-text-editor\" data-id=\"61d4616\" data-element_type=\"widget\" data-widget_type=\"text-editor.default\">\n\t\t\t\t<div class=\"elementor-widget-container\">\n\t\t\t\t\t\t\t<p>This website is protected by one of the highest technical security levels and under permanent watch. The algorithms and mechanics used to secure your communications with Wadivo and the information which concerns you, abide by the existing Cameroonian regulations.<\/p>\t\t\t\t\t\t<\/div>\n\t\t\t\t<\/div>\n\t\t\t\t\t<\/div>\n\t\t<\/div>\n\t\t\t\t\t<\/div>\n\t\t<\/section>\n\t\t\t\t<\/div>\n\t\t","protected":false},"excerpt":{"rendered":"<p>Terms and Conditions This website is published by Wadivo, a SARL with a capital of 1 million CFA, registered at [RC\/DLA\/number]Headquarters: P.O. BOX 5424, Douala, CAMEROON Managing Director: Moyo KAMGAING Contacts (+237) [number]info@wadivo.com This website is hosted by Wadivo and abides by the Cameroonian Law. 1. Website Content Wadivo and its contributors make sure to [&hellip;]<\/p>\n","protected":false},"author":1,"featured_media":0,"parent":0,"menu_order":0,"comment_status":"closed","ping_status":"closed","template":"elementor_header_footer","meta":{"footnotes":""},"class_list":["post-304","page","type-page","status-publish","hentry"],"_links":{"self":[{"href":"https:\/\/wadivo.com\/cameroon\/wp-json\/wp\/v2\/pages\/304","targetHints":{"allow":["GET"]}}],"collection":[{"href":"https:\/\/wadivo.com\/cameroon\/wp-json\/wp\/v2\/pages"}],"about":[{"href":"https:\/\/wadivo.com\/cameroon\/wp-json\/wp\/v2\/types\/page"}],"author":[{"embeddable":true,"href":"https:\/\/wadivo.com\/cameroon\/wp-json\/wp\/v2\/users\/1"}],"replies":[{"embeddable":true,"href":"https:\/\/wadivo.com\/cameroon\/wp-json\/wp\/v2\/comments?post=304"}],"version-history":[{"count":6,"href":"https:\/\/wadivo.com\/cameroon\/wp-json\/wp\/v2\/pages\/304\/revisions"}],"predecessor-version":[{"id":5130,"href":"https:\/\/wadivo.com\/cameroon\/wp-json\/wp\/v2\/pages\/304\/revisions\/5130"}],"wp:attachment":[{"href":"https:\/\/wadivo.com\/cameroon\/wp-json\/wp\/v2\/media?parent=304"}],"curies":[{"name":"wp","href":"https:\/\/api.w.org\/{rel}","templated":true}]}}